{"id":144,"date":"2024-08-27T15:06:03","date_gmt":"2024-08-27T15:06:03","guid":{"rendered":"https:\/\/jdg-consulting.com\/electricity-market-and-regulation\/"},"modified":"2025-10-03T12:49:38","modified_gmt":"2025-10-03T12:49:38","slug":"asesoria-regulatoria-de-mercados","status":"publish","type":"page","link":"https:\/\/jdg-consulting.com\/es\/servicios\/asesoria-regulatoria-de-mercados\/","title":{"rendered":"Asesor\u00eda Regulatoria &amp; de Mercados"},"content":{"rendered":"<section class=\"header_15_2\" id=\"\" style=\"background-image:url('https:\/\/jdg-consulting.com\/wp-content\/uploads\/2024\/09\/Leonardo_Vision_XL_Una_imagen_en_un_elegante_tono_azul_oscuro_0.jpg');\"\r\n    aria-label=\"\" data-block-id=\"69e2caccda92969e2caccda92a\" data-block-name=\"acf\/header-15-2\" data-post-id=\"144\" data-stable-id=\"block_e3d2302ac260224659273996cd7032ff\">\r\n    <div class=\"mask\"><\/div>\r\n    <div class=\"container\" data-aos=\"fade-up\">\r\n        <div class=\"row\">\r\n            <div class=\"col \">\r\n                                <h1 class=\"tamano2 color-2-headings-light\">Asesor\u00eda Regulatoria &amp; de Mercados<\/h1>\r\n                                            <\/div>\r\n        <\/div>\r\n    <\/div>\r\n<\/section>\r\n<style>\r\n    .header_15_2 .col {\r\n        max-width: 895px;\r\n    }\r\n\r\n    .header_15_2 .mask {\r\n        background: rgba(18, 18, 18, 0.50);\r\n        \/* background: rgba(255, 255, 255, 0.50); *\/\r\n        position: absolute;\r\n        top: 0;\r\n        left: 0;\r\n        width: 100%;\r\n        height: 100%;\r\n    }\r\n\r\n    .header_15_2 h1 {\r\n        padding-bottom: 25px;\r\n    }\r\n\r\n    .header_15_2 {\r\n        position: relative;\r\n        min-height: 500px;\r\n        background-position: center;\r\n        background-repeat: no-repeat;\r\n        background-size: cover;\r\n        padding: 150px 0;\r\n        display: flex;\r\n        align-items: center;\r\n        padding-top: 195px\r\n    }\r\n\r\n    .header_15_2-center {\r\n        text-align: center;\r\n        margin: 0 auto;\r\n    }\r\n\r\n    @media (max-width:992px) {\r\n        .header_15_2 {\r\n            padding: 100px 0;\r\n            min-height: auto;\r\n        }\r\n    }\r\n\r\n    @media (max-width:768px) {\r\n        .header_15_2 h1 {\r\n            line-height: var(--tamano3-line-height);\r\n        }\r\n\r\n        .header_15_2 {\r\n            padding: 180px 0 100px;\r\n        }\r\n    }\r\n<\/style>\r\n<section class=\"services_child_1_1 background-1-light\" id=\"\"\r\n    original-block-id=\"block_ac8ffce9d4935add17cafbeaead94394\" data-block-id=\"69e2caccdc82c69e2caccdc82d\" data-block-name=\"acf\/services-child-1-1\" data-post-id=\"144\" data-stable-id=\"block_ac8ffce9d4935add17cafbeaead94394\">\r\n    <div class=\"container\">\r\n        <div class=\"row\">\r\n            <div class=\"col col-top\" data-aos=\"fade-up\">\r\n                                <h2 class=\"tamano2 color-1-headings-dark\"><span class=\"ez-toc-section\" id=\"Ayudo_a_las_partes_interesadas_a_navegar_por_los_mercados_electricos_en_evolucion_y_los_marcos_regulatorios\"><\/span>Ayudo a las partes interesadas a navegar por los mercados el\u00e9ctricos en evoluci\u00f3n y los marcos regulatorios.<span class=\"ez-toc-section-end\"><\/span><\/h2>\r\n                \r\n                            <\/div>\r\n\r\n            <div class=\"col col-imagen\">\r\n                <div class=\"left\" data-aos=\"fade-left\">\r\n                    <div class=\"mask\"><\/div>\r\n                                        <img decoding=\"async\" src=\"https:\/\/jdg-consulting.com\/wp-content\/uploads\/2024\/09\/Leonardo_Vision_XL_Una_imagen_que_muestra_un_escenario_de_ofic_0.jpg\" alt=\"\" title=\"Leonardo_Vision_XL_Una_imagen_que_muestra_un_escenario_de_ofic_0\">\r\n                                    <\/div>\r\n\r\n                <div class=\"right\" data-aos=\"fade-right\">\r\n                                                                                <div class=\"texto tamano7 color-1-body-dark\"><p>o Asesoramiento sobre reformas del mercado el\u00e9ctrico y estrategias de liberalizaci\u00f3n del mercado<\/p>\n<p>o An\u00e1lisis comparativo de marcos regulatorios y mejores pr\u00e1cticas internacionales<\/p>\n<p>o Dise\u00f1o y evaluaci\u00f3n de esquemas de apoyo a renovables (FiTs, CfDs, incentivos fiscales)<\/p>\n<p>o Acciones para la integraci\u00f3n del mercado de renovables y hojas de ruta para la implementaci\u00f3n regulatoria alineadas con los objetivos de transici\u00f3n a largo plazo<\/p>\n<\/div>\r\n                                                        <\/div>\r\n            <\/div>\r\n        <\/div>\r\n    <\/div>\r\n<\/section>\r\n<style>\r\n    .services_child_1_1 .col-imagen .left .mask {\r\n        background: rgba(0, 0, 0, 0.30);\r\n        position: absolute;\r\n        top: 0;\r\n        left: 0;\r\n        width: 100%;\r\n        right: 100%;\r\n    }\r\n\r\n    .services_child_1_1 .vermas svg path {\r\n        stroke: var(--color-1-body-dark);\r\n    }\r\n\r\n    .services_child_1_1 .vermas .hide {\r\n        display: none;\r\n    }\r\n\r\n    .services_child_1_1 .vermas.show svg {\r\n        transform: rotate(180deg);\r\n    }\r\n\r\n    .services_child_1_1 .vermas {\r\n        display: none;\r\n        margin-top: 20px;\r\n        align-items: center;\r\n        gap: 10px;\r\n        cursor: pointer;\r\n    }\r\n\r\n    .services_child_1_1 .vermas span {\r\n        font-weight: var(--tamano5-font-weight);\r\n    }\r\n\r\n    .services_child_1_1 .col-top .texto {\r\n        display: flex;\r\n        gap: 30px;\r\n        width: 100%;\r\n    }\r\n\r\n    .services_child_1_1 .col-top .texto p {\r\n        width: 50%;\r\n    }\r\n\r\n    .services_child_1_1 .col-top {\r\n        margin-bottom: 105px;\r\n    }\r\n\r\n    .services_child_1_1 .col-imagen .texto {\r\n        padding-bottom: 21px;\r\n        max-width: 660px;\r\n    }\r\n\r\n    .services_child_1_1 .col-imagen .subtitulo {\r\n        padding-bottom: 17px;\r\n        max-width: 660px;\r\n        font-weight: var(--tamano4-font-weight);\r\n    }\r\n\r\n    .services_child_1_1 .col-imagen h3 {\r\n        padding-bottom: 22px;\r\n    }\r\n\r\n    .services_child_1_1 .col-imagen .right {\r\n        width: 50%;\r\n        margin-top: 50px;\r\n        padding-right: 184px;\r\n    }\r\n\r\n    .services_child_1_1 .col-imagen .left {\r\n        max-width: 100%;\r\n        width: 50%;\r\n        position: relative;\r\n    }\r\n\r\n    .services_child_1_1 .col-imagen {\r\n        display: flex;\r\n        position: relative;\r\n        gap: 30px;\r\n        width: 100%;\r\n    }\r\n\r\n    .services_child_1_1[original-block-id=\"block_ac8ffce9d4935add17cafbeaead94394\"] .col-imagen {\r\n            }\r\n\r\n    .services_child_1_1 h2 {\r\n        padding-bottom: 45px;\r\n    }\r\n\r\n    .services_child_1_1 .col-imagen .left img {\r\n        height: auto;\r\n        width: 100%;\r\n    }\r\n\r\n    .services_child_1_1 .col-imagen .left .video {\r\n        width: 100%;\r\n        height: 100%;\r\n        overflow: hidden;\r\n    }\r\n\r\n    .services_child_1_1 .col-imagen .left .video iframe {\r\n        width: 100%;\r\n        height: 100%;\r\n        border: none;\r\n        min-height: 600px;\r\n    }\r\n\r\n    .services_child_1_1 {\r\n        padding: 80px 150px;\r\n    }\r\n\r\n    .services_child_1_1 .btn-round {\r\n        border-radius: 60px;\r\n        padding: 12px 25px;\r\n        display: inline-block;\r\n        min-width: 175px;\r\n        text-align: center;\r\n        text-decoration: none;\r\n    }\r\n\r\n    @media (max-width:1750px) {\r\n        .services_child_1_1 {\r\n            padding-left: 50px;\r\n            padding-right: 50px;\r\n        }\r\n    }\r\n\r\n    @media (max-width:1550px) {\r\n        .services_child_1_1 {\r\n            padding-left: 0;\r\n            padding-right: 0;\r\n        }\r\n\r\n        .services_child_1_1 .col-imagen .left .video iframe {\r\n            min-height: 400px;\r\n        }\r\n    }\r\n\r\n    @media (max-width:1250px) {\r\n        .services_child_1_1 .col-imagen .right {\r\n            width: 100%;\r\n            position: relative;\r\n            top: inherit;\r\n            transform: none;\r\n        }\r\n\r\n        .services_child_1_1 .col-imagen .left {\r\n            max-width: 100%;\r\n            width: 100%;\r\n        }\r\n\r\n        .services_child_1_1 .col-imagen .right {\r\n            padding-right: 0;\r\n            margin-top: 0;\r\n        }\r\n    }\r\n\r\n    @media (max-width:992px) {\r\n        .services_child_1_1 .col-imagen {\r\n            flex-direction: column;\r\n            gap: 30px;\r\n        }\r\n\r\n        .services_child_1_1 .col-imagen .subtitulo {\r\n            padding-bottom: 30px;\r\n        }\r\n\r\n        .services_child_1_1 .col-imagen .texto {\r\n            padding-bottom: 35px;\r\n        }\r\n\r\n        .services_child_1_1 .col-top .texto {\r\n            flex-direction: column;\r\n            gap: 20px;\r\n        }\r\n\r\n        .services_child_1_1 .col-top .texto p {\r\n            width: 100%;\r\n        }\r\n\r\n        .services_child_1_1 .col-top {\r\n            margin-bottom: 38px;\r\n        }\r\n\r\n        .services_child_1_1 {\r\n            padding: 40px 0;\r\n        }\r\n\r\n        .services_child_1_1 .col-top .texto.show p:not(:first-child) {\r\n            display: block;\r\n        }\r\n\r\n        .services_child_1_1 .col-top .texto p:not(:first-child) {\r\n            display: none;\r\n        }\r\n\r\n        .services_child_1_1 .vermas {\r\n            display: flex;\r\n        }\r\n\r\n        .services_child_1_1 .col-imagen .left .video iframe {\r\n            min-height: 370px;\r\n        }\r\n    }\r\n\r\n    @media (max-width:768px) {\r\n        .services_child_1_1 h2 {\r\n            line-height: var(--tamano4-line-height);\r\n            padding-bottom: 25px;\r\n        }\r\n\r\n        .services_child_1_1 .col-imagen .subtitulo {\r\n            padding-bottom: 20px;\r\n        }\r\n\r\n        .services_child_1_1 h3 {\r\n            line-height: var(--tamano6-line-height);\r\n            padding-bottom: 20px;\r\n        }\r\n\r\n        .services_child_1_1 .col-imagen .left .video iframe {\r\n            min-height: 310px;\r\n        }\r\n    }\r\n<\/style>\r\n<script>\r\n    jQuery('.services_child_1_1 .vermas').on('click', function() {\r\n        jQuery('.services_child_1_1 .texto').toggleClass('show');\r\n        jQuery('.services_child_1_1 .vermas').toggleClass('show');\r\n        jQuery('.services_child_1_1 .vermas span').toggleClass('hide');\r\n    });\r\n<\/script>\r\n<section class=\"ctas_3_2 background-1-dark\" id=\"\" data-block-id=\"69e2caccdece369e2caccdece4\" data-block-name=\"acf\/cta-3-2\" data-post-id=\"144\" data-stable-id=\"block_7624a5cf945317bcf164d4c9ef0b2dc3\">\r\n    <div class=\"container\">\r\n        <div class=\"row\">\r\n            <div class=\"col\">\r\n                                <div class=\"titulo\">\r\n                    <h2 class=\"tamano2 color-2-headings-light\"><span class=\"ez-toc-section\" id=\"Contactame\"><\/span>Cont\u00e1ctame<span class=\"ez-toc-section-end\"><\/span><\/h2>\r\n                <\/div>\r\n                                                <div class=\"texto color-2-body-light tamano7\"><p>Trabajemos juntos para acelerar la transici\u00f3n energ\u00e9tica.<\/p>\n<\/div>\r\n                \r\n                                    <a href=\"https:\/\/jdg-consulting.com\/en\/contacto\/\" target=\"\" class=\"btn-round tamano6-boldcta color-boton-3-texto-normal color-boton-3-texto-hover color-boton-3-normal color-boton-3-hover\">\r\n    \r\n    <span>Ver m\u00e1s<\/span>\r\n<\/a>\r\n\r\n<style>\r\n    .btn-border-rounded {\r\n        border-radius: 12px !important;\r\n    }\r\n\r\n    .btn-border-square {\r\n        border-radius: 0 !important;\r\n    }\r\n\r\n    \/* Estilos de hover *\/\r\n    .btn-hover-hover1:hover {\r\n        filter: contrast(0.55);\r\n    }\r\n\r\n    .btn-hover-hover2:hover {\r\n        filter: sepia(2);\r\n    }\r\n\r\n    \/* Estilos del icono cuando existe *\/\r\n    a i {\r\n        margin-right: 8px;\r\n        font-size: 16px;\r\n    }\r\n\r\n    \/* Icono Lucide *\/\r\n    .btn-icon--lucide {\r\n        display: inline-flex;\r\n        align-items: center;\r\n        justify-content: center;\r\n        margin-right: 8px;\r\n    }\r\n\r\n    .btn-icon--lucide svg {\r\n        width: 16px;\r\n        height: 16px;\r\n        display: block;\r\n    }\r\n<\/style>\r\n                \r\n            <\/div>\r\n        <\/div>\r\n    <\/div>\r\n<\/section>\r\n<style>\r\n    .ctas_3_2 .col {\r\n        display: flex;\r\n        gap: 100px;\r\n        align-items: center;\r\n        justify-content: space-between;\r\n    }\r\n\r\n    .ctas_3_2 .texto {\r\n        max-width: 585px;\r\n        text-align: center;\r\n    }\r\n\r\n    .ctas_3_2 {\r\n        padding: 80px 150px;\r\n        position: relative;\r\n    }\r\n\r\n    .ctas_3_2 .btn-round {\r\n        border-radius: 60px;\r\n        padding: 12px 25px;\r\n        display: inline-block;\r\n        min-width: 175px;\r\n        text-align: center;\r\n        transition: all ease .3s;\r\n        text-decoration: none;\r\n        width: 278px;\r\n        min-height: 51px;\r\n        display: flex;\r\n        align-items: center;\r\n        justify-content: center;\r\n    }\r\n\r\n    @media (max-width:1750px) {\r\n        .ctas_3_2 .col {\r\n            gap: 50px;\r\n        }\r\n\r\n        .ctas_3_2 .texto {\r\n            max-width: 50%;\r\n        }\r\n\r\n        .ctas_3_2 .titulo {\r\n            width: 50%;\r\n        }\r\n\r\n        .ctas_3_2 .titulo h2 {\r\n            max-width: 100%;\r\n        }\r\n    }\r\n\r\n    @media (max-width:1600px) {\r\n        .ctas_3_2 {\r\n            padding-left: 50px;\r\n            padding-right: 50px;\r\n        }\r\n    }\r\n\r\n    @media (max-width:1400px) {\r\n        .ctas_3_2 .texto {\r\n            max-width: 100%;\r\n        }\r\n\r\n        .ctas_3_2 .titulo {\r\n            width: 100%;\r\n        }\r\n    }\r\n\r\n    @media (max-width:1200px) {\r\n        .ctas_3_2 {\r\n            padding-left: 0;\r\n            padding-right: 0;\r\n        }\r\n    }\r\n\r\n    @media (max-width:992px) {\r\n        .ctas_3_2 .col>* {\r\n            width: 100%;\r\n            max-width: 100%;\r\n            text-align: center;\r\n        }\r\n\r\n        .ctas_3_2 .col .ctas {\r\n            display: flex;\r\n            align-items: center;\r\n            justify-content: center;\r\n        }\r\n\r\n        .ctas_3_2 .col {\r\n            flex-direction: column;\r\n            justify-content: center;\r\n            align-items: center;\r\n        }\r\n\r\n        .ctas_3_2 {\r\n            padding: 40px 0;\r\n        }\r\n    }\r\n\r\n    @media (max-width: 768px) {\r\n        .ctas_3_2 .col {\r\n            gap: 30px;\r\n            padding: 20px 10px 35px;\r\n        }\r\n    }\r\n<\/style>\r\n","protected":false},"excerpt":{"rendered":"","protected":false},"author":1,"featured_media":665,"parent":138,"menu_order":0,"comment_status":"closed","ping_status":"closed","template":"","meta":{"_acf_changed":false,"iawp_total_views":2,"footnotes":""},"class_list":["post-144","page","type-page","status-publish","has-post-thumbnail","hentry"],"acf":[],"yoast_head":"<!-- This site is optimized with the Yoast SEO plugin v27.4 - https:\/\/yoast.com\/product\/yoast-seo-wordpress\/ -->\n<title>Consultor\u00eda energ\u00e9tica y solar - JDG Consulting<\/title>\n<meta name=\"description\" content=\"Soluciones en transici\u00f3n energ\u00e9tica y autoconsumo solar. Asesor\u00eda experta para empresas y particulares. Optimiza tu energ\u00eda hoy con JDG Consulting.\" \/>\n<meta name=\"robots\" content=\"index, follow, max-snippet:-1, max-image-preview:large, max-video-preview:-1\" \/>\n<link rel=\"canonical\" href=\"https:\/\/jdg-consulting.com\/es\/servicios\/asesoria-regulatoria-de-mercados\/\" \/>\n<meta property=\"og:locale\" content=\"es_ES\" \/>\n<meta property=\"og:type\" content=\"article\" \/>\n<meta property=\"og:title\" content=\"Consultor\u00eda energ\u00e9tica y solar - JDG Consulting\" \/>\n<meta property=\"og:description\" content=\"Soluciones en transici\u00f3n energ\u00e9tica y autoconsumo solar. Asesor\u00eda experta para empresas y particulares. Optimiza tu energ\u00eda hoy con JDG Consulting.\" \/>\n<meta property=\"og:url\" content=\"https:\/\/jdg-consulting.com\/es\/servicios\/asesoria-regulatoria-de-mercados\/\" \/>\n<meta property=\"og:site_name\" content=\"JDG-Consulting\" \/>\n<meta property=\"article:modified_time\" content=\"2025-10-03T12:49:38+00:00\" \/>\n<meta property=\"og:image\" content=\"https:\/\/jdg-consulting.com\/wp-content\/uploads\/2024\/08\/Default_Imagnate_una_oficina_moderna_y_luminosa_con_una_gran_m_0.jpg\" \/>\n\t<meta property=\"og:image:width\" content=\"1792\" \/>\n\t<meta property=\"og:image:height\" content=\"1480\" \/>\n\t<meta property=\"og:image:type\" content=\"image\/jpeg\" \/>\n<meta name=\"twitter:card\" content=\"summary_large_image\" \/>\n<meta name=\"twitter:label1\" content=\"Tiempo de lectura\" \/>\n\t<meta name=\"twitter:data1\" content=\"1 minuto\" \/>\n<!-- \/ Yoast SEO plugin. -->","yoast_head_json":{"title":"Consultor\u00eda energ\u00e9tica y solar - JDG Consulting","description":"Soluciones en transici\u00f3n energ\u00e9tica y autoconsumo solar. Asesor\u00eda experta para empresas y particulares. Optimiza tu energ\u00eda hoy con JDG Consulting.","robots":{"index":"index","follow":"follow","max-snippet":"max-snippet:-1","max-image-preview":"max-image-preview:large","max-video-preview":"max-video-preview:-1"},"canonical":"https:\/\/jdg-consulting.com\/es\/servicios\/asesoria-regulatoria-de-mercados\/","og_locale":"es_ES","og_type":"article","og_title":"Consultor\u00eda energ\u00e9tica y solar - JDG Consulting","og_description":"Soluciones en transici\u00f3n energ\u00e9tica y autoconsumo solar. Asesor\u00eda experta para empresas y particulares. Optimiza tu energ\u00eda hoy con JDG Consulting.","og_url":"https:\/\/jdg-consulting.com\/es\/servicios\/asesoria-regulatoria-de-mercados\/","og_site_name":"JDG-Consulting","article_modified_time":"2025-10-03T12:49:38+00:00","og_image":[{"width":1792,"height":1480,"url":"https:\/\/jdg-consulting.com\/wp-content\/uploads\/2024\/08\/Default_Imagnate_una_oficina_moderna_y_luminosa_con_una_gran_m_0.jpg","type":"image\/jpeg"}],"twitter_card":"summary_large_image","twitter_misc":{"Tiempo de lectura":"1 minuto"},"schema":{"@context":"https:\/\/schema.org","@graph":[{"@type":"WebPage","@id":"https:\/\/jdg-consulting.com\/es\/servicios\/asesoria-regulatoria-de-mercados\/","url":"https:\/\/jdg-consulting.com\/es\/servicios\/asesoria-regulatoria-de-mercados\/","name":"Consultor\u00eda energ\u00e9tica y solar - JDG Consulting","isPartOf":{"@id":"https:\/\/jdg-consulting.com\/es\/#website"},"primaryImageOfPage":{"@id":"https:\/\/jdg-consulting.com\/es\/servicios\/asesoria-regulatoria-de-mercados\/#primaryimage"},"image":{"@id":"https:\/\/jdg-consulting.com\/es\/servicios\/asesoria-regulatoria-de-mercados\/#primaryimage"},"thumbnailUrl":"https:\/\/jdg-consulting.com\/wp-content\/uploads\/2024\/08\/Default_Imagnate_una_oficina_moderna_y_luminosa_con_una_gran_m_0.jpg","datePublished":"2024-08-27T15:06:03+00:00","dateModified":"2025-10-03T12:49:38+00:00","description":"Soluciones en transici\u00f3n energ\u00e9tica y autoconsumo solar. Asesor\u00eda experta para empresas y particulares. Optimiza tu energ\u00eda hoy con JDG Consulting.","breadcrumb":{"@id":"https:\/\/jdg-consulting.com\/es\/servicios\/asesoria-regulatoria-de-mercados\/#breadcrumb"},"inLanguage":"es","potentialAction":[{"@type":"ReadAction","target":["https:\/\/jdg-consulting.com\/es\/servicios\/asesoria-regulatoria-de-mercados\/"]}]},{"@type":"ImageObject","inLanguage":"es","@id":"https:\/\/jdg-consulting.com\/es\/servicios\/asesoria-regulatoria-de-mercados\/#primaryimage","url":"https:\/\/jdg-consulting.com\/wp-content\/uploads\/2024\/08\/Default_Imagnate_una_oficina_moderna_y_luminosa_con_una_gran_m_0.jpg","contentUrl":"https:\/\/jdg-consulting.com\/wp-content\/uploads\/2024\/08\/Default_Imagnate_una_oficina_moderna_y_luminosa_con_una_gran_m_0.jpg","width":1792,"height":1480},{"@type":"BreadcrumbList","@id":"https:\/\/jdg-consulting.com\/es\/servicios\/asesoria-regulatoria-de-mercados\/#breadcrumb","itemListElement":[{"@type":"ListItem","position":1,"name":"Portada","item":"https:\/\/jdg-consulting.com\/es\/inicio\/"},{"@type":"ListItem","position":2,"name":"Servicios","item":"https:\/\/jdg-consulting.com\/es\/servicios\/"},{"@type":"ListItem","position":3,"name":"Asesor\u00eda Regulatoria &amp; de Mercados"}]},{"@type":"WebSite","@id":"https:\/\/jdg-consulting.com\/es\/#website","url":"https:\/\/jdg-consulting.com\/es\/","name":"JDG-Consulting","description":"","publisher":{"@id":"https:\/\/jdg-consulting.com\/es\/#organization"},"potentialAction":[{"@type":"SearchAction","target":{"@type":"EntryPoint","urlTemplate":"https:\/\/jdg-consulting.com\/es\/?s={search_term_string}"},"query-input":{"@type":"PropertyValueSpecification","valueRequired":true,"valueName":"search_term_string"}}],"inLanguage":"es"},{"@type":"Organization","@id":"https:\/\/jdg-consulting.com\/es\/#organization","name":"JDG-Consulting","url":"https:\/\/jdg-consulting.com\/es\/","logo":{"@type":"ImageObject","inLanguage":"es","@id":"https:\/\/jdg-consulting.com\/es\/#\/schema\/logo\/image\/","url":"https:\/\/jdg-consulting.com\/wp-content\/uploads\/2024\/08\/Default_El_logotipo_debe_tener_las_iniciales_JDG_en_tipografa_0.jpg","contentUrl":"https:\/\/jdg-consulting.com\/wp-content\/uploads\/2024\/08\/Default_El_logotipo_debe_tener_las_iniciales_JDG_en_tipografa_0.jpg","width":768,"height":768,"caption":"JDG-Consulting"},"image":{"@id":"https:\/\/jdg-consulting.com\/es\/#\/schema\/logo\/image\/"}}]}},"_links":{"self":[{"href":"https:\/\/jdg-consulting.com\/es\/wp-json\/wp\/v2\/pages\/144","targetHints":{"allow":["GET"]}}],"collection":[{"href":"https:\/\/jdg-consulting.com\/es\/wp-json\/wp\/v2\/pages"}],"about":[{"href":"https:\/\/jdg-consulting.com\/es\/wp-json\/wp\/v2\/types\/page"}],"author":[{"embeddable":true,"href":"https:\/\/jdg-consulting.com\/es\/wp-json\/wp\/v2\/users\/1"}],"replies":[{"embeddable":true,"href":"https:\/\/jdg-consulting.com\/es\/wp-json\/wp\/v2\/comments?post=144"}],"version-history":[{"count":6,"href":"https:\/\/jdg-consulting.com\/es\/wp-json\/wp\/v2\/pages\/144\/revisions"}],"predecessor-version":[{"id":942,"href":"https:\/\/jdg-consulting.com\/es\/wp-json\/wp\/v2\/pages\/144\/revisions\/942"}],"up":[{"embeddable":true,"href":"https:\/\/jdg-consulting.com\/es\/wp-json\/wp\/v2\/pages\/138"}],"wp:featuredmedia":[{"embeddable":true,"href":"https:\/\/jdg-consulting.com\/es\/wp-json\/wp\/v2\/media\/665"}],"wp:attachment":[{"href":"https:\/\/jdg-consulting.com\/es\/wp-json\/wp\/v2\/media?parent=144"}],"curies":[{"name":"wp","href":"https:\/\/api.w.org\/{rel}","templated":true}]}}