{"id":138,"date":"2024-08-27T15:06:00","date_gmt":"2024-08-27T15:06:00","guid":{"rendered":"https:\/\/jdg-consulting.com\/servicios\/"},"modified":"2025-10-03T12:49:46","modified_gmt":"2025-10-03T12:49:46","slug":"servicios","status":"publish","type":"page","link":"https:\/\/jdg-consulting.com\/es\/servicios\/","title":{"rendered":"Servicios"},"content":{"rendered":"<section class=\"header_15_2\" id=\"\" style=\"background-image:url('https:\/\/jdg-consulting.com\/wp-content\/uploads\/2024\/09\/Leonardo_Vision_XL_Header_para_web_de_consultora_energtica_Ima_0.jpg');\"\r\n    aria-label=\"\" data-block-id=\"69e2cacce461e69e2cacce461f\" data-block-name=\"acf\/header-15-2\" data-post-id=\"138\" data-stable-id=\"block_6135c9dbb1819a6cd5517e389a492cb2\">\r\n    <div class=\"mask\"><\/div>\r\n    <div class=\"container\" data-aos=\"fade-up\">\r\n        <div class=\"row\">\r\n            <div class=\"col \">\r\n                                <h1 class=\"tamano2 color-2-headings-light\">Consultor\u00eda Energ\u00e9tica<\/h1>\r\n                                                <div class=\"texto tamano7 color-2-headings-light\"><p>Ofrecemos servicios expertos en transici\u00f3n energ\u00e9tica para empresas y gobiernos a nivel mundial. Explore nuestras soluciones en autoconsumo de energ\u00eda solar para particulares y pymes. Mant\u00e9ngase actualizado con nuestras novedades y v\u00eddeos sobre el mercado energ\u00e9tico. Su \u00e9xito es nuestra misi\u00f3n.<\/p>\n<\/div>\r\n                            <\/div>\r\n        <\/div>\r\n    <\/div>\r\n<\/section>\r\n<style>\r\n    .header_15_2 .col {\r\n        max-width: 895px;\r\n    }\r\n\r\n    .header_15_2 .mask {\r\n        background: rgba(18, 18, 18, 0.50);\r\n        \/* background: rgba(255, 255, 255, 0.50); *\/\r\n        position: absolute;\r\n        top: 0;\r\n        left: 0;\r\n        width: 100%;\r\n        height: 100%;\r\n    }\r\n\r\n    .header_15_2 h1 {\r\n        padding-bottom: 25px;\r\n    }\r\n\r\n    .header_15_2 {\r\n        position: relative;\r\n        min-height: 500px;\r\n        background-position: center;\r\n        background-repeat: no-repeat;\r\n        background-size: cover;\r\n        padding: 150px 0;\r\n        display: flex;\r\n        align-items: center;\r\n        padding-top: 195px\r\n    }\r\n\r\n    .header_15_2-center {\r\n        text-align: center;\r\n        margin: 0 auto;\r\n    }\r\n\r\n    @media (max-width:992px) {\r\n        .header_15_2 {\r\n            padding: 100px 0;\r\n            min-height: auto;\r\n        }\r\n    }\r\n\r\n    @media (max-width:768px) {\r\n        .header_15_2 h1 {\r\n            line-height: var(--tamano3-line-height);\r\n        }\r\n\r\n        .header_15_2 {\r\n            padding: 180px 0 100px;\r\n        }\r\n    }\r\n<\/style>\r\n<section class=\"services_12_1 background-1-light\" id=\"\" data-block-id=\"69e2cacce872169e2cacce8723\" data-block-name=\"acf\/services-12-1\" data-post-id=\"138\" data-stable-id=\"block_272bb3ac2e1b71d3408c13e442ddb221\">\r\n    <div class=\"container\">\r\n                <div class=\"row row1\">\r\n            <div class=\"col col-imagen\" data-aos=\"fade-right\">\r\n                                <img decoding=\"async\" src=\"https:\/\/jdg-consulting.com\/wp-content\/uploads\/2024\/09\/Leonardo_Vision_XL_La_imagen_debe_tener_un_estilo_formal_y_pro_0.jpg\" alt=\"\" title=\"Leonardo_Vision_XL_La_imagen_debe_tener_un_estilo_formal_y_pro_0\">\r\n                            <\/div>\r\n            <div class=\"col col-texto\" data-aos=\"fade-left\">\r\n                                <h2 class=\"tamano3 color-1-headings-dark\"><span class=\"ez-toc-section\" id=\"Servicios_de_Consultoria_Energetica\"><\/span>\r\n                    Servicios de Consultor\u00eda Energ\u00e9tica                <span class=\"ez-toc-section-end\"><\/span><\/h2>\r\n                                                <div class=\"texto tamano7 color-1-body-dark\">\r\n                    <p>Ofrecemos asesoramiento integral para empresas p\u00fablicas y privadas en transici\u00f3n energ\u00e9tica, garantizando eficiencia y sostenibilidad. Nuestro objetivo es convertirnos en su socio estrat\u00e9gico para un futuro m\u00e1s verde.<\/p>\n                <\/div>\r\n                                                <a href=\"#\" target=\"\"\r\n                    class=\"btn-round tamano-7-mediumcta color-boton-1-texto-normal color-boton-1-texto-hover color-boton-1-normal color-boton-1-hover\">\r\n                    Descubre m\u00e1s                <\/a>\r\n                            <\/div>\r\n        <\/div>\r\n        <div class=\"row row2\">\r\n            <div class=\"col col-imagen\" data-aos=\"fade-left\">\r\n                                <img decoding=\"async\" src=\"\" alt=\"\" title=\"\">\r\n                            <\/div>\r\n            <div class=\"col col-texto\" data-aos=\"fade-right\">\r\n                                <h2 class=\"tamano3 color-1-headings-dark\"><span class=\"ez-toc-section\" id=\"Autoconsumo_Energia_Solar\"><\/span>\r\n                    Autoconsumo Energ\u00eda Solar                <span class=\"ez-toc-section-end\"><\/span><\/h2>\r\n                                                <div class=\"texto tamano7 color-1-body-dark\">\r\n                    <p>Expertos en soluciones de autoconsumo solar, ayudamos a particulares y pymes a adoptar tecnolog\u00edas innovadoras para reducir costos energ\u00e9ticos. Mant\u00e9ngase actualizado con nuestras novedades en el mercado solar.<\/p>\n                <\/div>\r\n                                                <a href=\"#\" target=\"\"\r\n                    class=\"btn-round tamano-7-mediumcta color-boton-1-texto-normal color-boton-1-texto-hover color-boton-1-normal color-boton-1-hover\">\r\n                    Contacta aqu\u00ed                <\/a>\r\n                            <\/div>\r\n        <\/div>\r\n        \r\n    <\/div>\r\n<\/section>\r\n<style>\r\n    .services_12_1 .row .col-texto {\r\n        padding-top: 40px;\r\n        max-width: 585px;\r\n        width: 100%;\r\n    }\r\n\r\n    .services_12_1 .container {\r\n        display: flex;\r\n        flex-direction: column;\r\n        gap: 115px;\r\n    }\r\n\r\n    .services_12_1 .row.row2 {\r\n        flex-direction: row-reverse;\r\n    }\r\n\r\n    .services_12_1 .row {\r\n        display: flex;\r\n        gap: 180px;\r\n    }\r\n\r\n    .services_12_1 .row:not(.row2) img {\r\n        width: calc(100% - 30px);\r\n        margin-right: auto;\r\n    }\r\n\r\n    .services_12_1 .row.row2 img {\r\n        width: calc(100% - 30px);\r\n        margin-left: auto;\r\n    }\r\n\r\n    .services_12_1 .btn-round {\r\n        border-radius: 60px;\r\n        padding: 12px 25px;\r\n        display: inline-block;\r\n        min-width: 175px;\r\n        text-align: center;\r\n        text-decoration: none;\r\n    }\r\n\r\n    .services_12_1 .texto *:last-child {\r\n        padding-bottom: 0;\r\n    }\r\n\r\n    .services_12_1 .col-imagen .video {\r\n        width: 100%;\r\n    }\r\n\r\n    .services_12_1 .col-imagen iframe {\r\n        width: 100%;\r\n        height: 100%;\r\n        min-height: 537px;\r\n    }\r\n\r\n    .services_12_1 img {\r\n        width: 100%;\r\n    }\r\n\r\n    .services_12_1 .texto {\r\n        padding-bottom: 30px;\r\n    }\r\n\r\n    .services_12_1 .texto * {\r\n        padding-bottom: 20px;\r\n    }\r\n\r\n    .services_12_1 h2 {\r\n        padding-bottom: 45px;\r\n    }\r\n\r\n    .services_12_1 {\r\n        padding: 80px 150px;\r\n        position: relative;\r\n    }\r\n\r\n    @media (max-width:1750px) {\r\n        .services_12_1 {\r\n            padding-left: 50px;\r\n            padding-right: 50px;\r\n        }\r\n    }\r\n\r\n    @media (max-width:1550px) {\r\n        .services_12_1 .row {\r\n            gap: 100px;\r\n        }\r\n    }\r\n\r\n    @media (max-width:1350px) {\r\n        .services_12_1 .row {\r\n            gap: 30px;\r\n        }\r\n\r\n        .services_12_1 {\r\n            padding-left: 0;\r\n            padding-right: 0;\r\n        }\r\n    }\r\n\r\n    @media (max-width:992px) {\r\n\r\n        .services_12_1 .container {\r\n            gap: 35px;\r\n        }\r\n\r\n\r\n        .services_12_1 .row:not(.row2) img,\r\n        .services_12_1 .row.row2 img {\r\n            width: 100%;\r\n        }\r\n\r\n        .services_12_1 .col-imagen iframe {\r\n            min-height: 475px;\r\n        }\r\n\r\n        .services_12_1 .row.row2 {\r\n            flex-direction: column;\r\n            gap: 0;\r\n        }\r\n\r\n        .services_12_1 .row {\r\n            flex-direction: column;\r\n            gap: 0;\r\n        }\r\n\r\n        .services_12_1 .row .col-texto {\r\n            max-width: 100%;\r\n        }\r\n\r\n        .services_12_1 h2 {\r\n            padding-bottom: 35px;\r\n        }\r\n\r\n        .services_12_1 {\r\n            padding: 40px 0;\r\n        }\r\n    }\r\n\r\n    @media (max-width:768px) {\r\n        .services_12_1 .col-imagen iframe {\r\n            min-height: 310px;\r\n        }\r\n    }\r\n<\/style>\r\n<section class=\"ctas_2_2 background-1-dark\" id=\"\" data-block-id=\"69e2cacceb93d69e2cacceb93e\" data-block-name=\"acf\/cta-2-2\" data-post-id=\"138\" data-stable-id=\"block_46503d28887b0ad043c23b3a4df79d2b\">\r\n    <div class=\"container\">\r\n        <div class=\"row\">\r\n            <div class=\"col\">\r\n                                <div class=\"titulo\">\r\n                    <svg class=\"color-2-headings-light\" xmlns=\"http:\/\/www.w3.org\/2000\/svg\" width=\"38\" height=\"25\"\r\n                        viewBox=\"0 0 38 25\" fill=\"none\">\r\n                        <path\r\n                            d=\"M4.75 2.08333C3.43633 2.08333 2.375 3.01432 2.375 4.16667V6.76432L16.8922 16.1003C18.1465 16.9076 19.8535 16.9076 21.1078 16.1003L35.625 6.76432V4.16667C35.625 3.01432 34.5637 2.08333 33.25 2.08333H4.75ZM2.375 9.34896V20.8333C2.375 21.9857 3.43633 22.9167 4.75 22.9167H33.25C34.5637 22.9167 35.625 21.9857 35.625 20.8333V9.34896L22.5105 17.7799C20.4176 19.1211 17.575 19.1211 15.4895 17.7799L2.375 9.34896ZM0 4.16667C0 1.86849 2.13008 0 4.75 0H33.25C35.8699 0 38 1.86849 38 4.16667V20.8333C38 23.1315 35.8699 25 33.25 25H4.75C2.13008 25 0 23.1315 0 20.8333V4.16667Z\"\r\n                            fill=\"currentColor\" \/>\r\n                    <\/svg>\r\n                    <h2 class=\"tamano3 color-2-headings-light\"><span class=\"ez-toc-section\" id=\"Consultoria_Energetica\"><\/span>Consultor\u00eda Energ\u00e9tica<span class=\"ez-toc-section-end\"><\/span><\/h2>\r\n                <\/div>\r\n                                                <div class=\"texto color-2-body-light tamano7\"><p>Optimizamos la transici\u00f3n energ\u00e9tica de tu empresa. Servicios especializados en energ\u00eda solar y autoconsumo. Visita nuestro blog para las \u00faltimas novedades.<\/p>\n<\/div>\r\n                                                    <div class=\"ctas\">\r\n                                                    <a href=\"#\" target=\"\" class=\"btn-round tamano-7-mediumcta color-boton-3-texto-normal color-boton-3-texto-hover color-boton-3-normal color-boton-3-hover\">\r\n    \r\n    <span>Contactar<\/span>\r\n<\/a>\r\n\r\n<style>\r\n    .btn-border-rounded {\r\n        border-radius: 12px !important;\r\n    }\r\n\r\n    .btn-border-square {\r\n        border-radius: 0 !important;\r\n    }\r\n\r\n    \/* Estilos de hover *\/\r\n    .btn-hover-hover1:hover {\r\n        filter: contrast(0.55);\r\n    }\r\n\r\n    .btn-hover-hover2:hover {\r\n        filter: sepia(2);\r\n    }\r\n\r\n    \/* Estilos del icono cuando existe *\/\r\n    a i {\r\n        margin-right: 8px;\r\n        font-size: 16px;\r\n    }\r\n\r\n    \/* Icono Lucide *\/\r\n    .btn-icon--lucide {\r\n        display: inline-flex;\r\n        align-items: center;\r\n        justify-content: center;\r\n        margin-right: 8px;\r\n    }\r\n\r\n    .btn-icon--lucide svg {\r\n        width: 16px;\r\n        height: 16px;\r\n        display: block;\r\n    }\r\n<\/style>\r\n                        \r\n                                                    <a href=\"#\" target=\"\" class=\"btn-round tamano-7-mediumcta color-boton-3-texto-normal color-boton-3-texto-hover color-boton-3-normal color-boton-3-hover\">\r\n    \r\n    <span>M\u00e1s info<\/span>\r\n<\/a>\r\n\r\n<style>\r\n    .btn-border-rounded {\r\n        border-radius: 12px !important;\r\n    }\r\n\r\n    .btn-border-square {\r\n        border-radius: 0 !important;\r\n    }\r\n\r\n    \/* Estilos de hover *\/\r\n    .btn-hover-hover1:hover {\r\n        filter: contrast(0.55);\r\n    }\r\n\r\n    .btn-hover-hover2:hover {\r\n        filter: sepia(2);\r\n    }\r\n\r\n    \/* Estilos del icono cuando existe *\/\r\n    a i {\r\n        margin-right: 8px;\r\n        font-size: 16px;\r\n    }\r\n\r\n    \/* Icono Lucide *\/\r\n    .btn-icon--lucide {\r\n        display: inline-flex;\r\n        align-items: center;\r\n        justify-content: center;\r\n        margin-right: 8px;\r\n    }\r\n\r\n    .btn-icon--lucide svg {\r\n        width: 16px;\r\n        height: 16px;\r\n        display: block;\r\n    }\r\n<\/style>\r\n                                            <\/div>\r\n                            <\/div>\r\n        <\/div>\r\n    <\/div>\r\n<\/section>\r\n<style>\r\n    .ctas_2_2 .ctas {\r\n        display: flex;\r\n        gap: 30px;\r\n        flex-wrap: wrap;\r\n    }\r\n\r\n    .ctas_2_2 .col {\r\n        display: flex;\r\n        gap: 30px;\r\n        align-items: flex-start;\r\n        justify-content: space-between;\r\n    }\r\n\r\n    .ctas_2_2 .titulo h2 {\r\n        width: calc(100% - 68px);\r\n        max-width: 360px;\r\n    }\r\n\r\n    .ctas_2_2 .titulo {\r\n        display: flex;\r\n        align-items: center;\r\n        gap: 30px;\r\n    }\r\n\r\n    .ctas_2_2 .texto {\r\n        max-width: 435px;\r\n    }\r\n\r\n    .ctas_2_2 {\r\n        padding: 80px 150px;\r\n        position: relative;\r\n    }\r\n\r\n    .ctas_2_2 .btn-round {\r\n        border-radius: 60px;\r\n        padding: 12px 25px;\r\n        display: inline-block;\r\n        min-width: 175px;\r\n        text-align: center;\r\n        transition: all ease .3s;\r\n        text-decoration: none;\r\n        max-width: 278px;\r\n        width: calc(50% - 15px);\r\n        min-height: 51px;\r\n        display: flex;\r\n        align-items: center;\r\n        justify-content: center;\r\n    }\r\n\r\n    @media (max-width:1750px) {\r\n        .ctas_2_2 .col {\r\n            flex-wrap: wrap;\r\n        }\r\n\r\n        .ctas_2_2 .texto {\r\n            max-width: 50%;\r\n        }\r\n\r\n        .ctas_2_2 .titulo {\r\n            width: 50%;\r\n        }\r\n\r\n        .ctas_2_2 .titulo h2 {\r\n            max-width: 100%;\r\n        }\r\n    }\r\n\r\n    @media (max-width:1600px) {\r\n        .ctas_2_2 {\r\n            padding-left: 50px;\r\n            padding-right: 50px;\r\n        }\r\n    }\r\n\r\n    @media (max-width:1400px) {\r\n        .ctas_2_2 .texto {\r\n            max-width: 100%;\r\n        }\r\n\r\n        .ctas_2_2 .titulo {\r\n            width: 100%;\r\n        }\r\n    }\r\n\r\n    @media (max-width:1200px) {\r\n        .ctas_2_2 {\r\n            padding-left: 0;\r\n            padding-right: 0;\r\n        }\r\n    }\r\n\r\n    @media (max-width:992px) {\r\n        .ctas_2_2 {\r\n            padding: 40px 0;\r\n        }\r\n    }\r\n\r\n    @media (max-width:768px) {\r\n        .ctas_2_2 .titulo h2 {\r\n            line-height: var(--tamano5-line-height);\r\n        }\r\n\r\n        .ctas_2_2 .ctas {\r\n            justify-content: center;\r\n            width: 100%\r\n        }\r\n\r\n        .ctas_2_2 .btn-round {\r\n            min-width: 133px;\r\n            padding: 12px 30px;\r\n        }\r\n    }\r\n\r\n    @media (max-width:576px) {\r\n        .ctas_2_2 .btn-round {\r\n            min-width: 100px;\r\n            padding: 12px 15px;\r\n        }\r\n\r\n        .ctas_2_2 .ctas {\r\n            flex-wrap: nowrap;\r\n        }\r\n    }\r\n<\/style>\r\n","protected":false},"excerpt":{"rendered":"","protected":false},"author":1,"featured_media":0,"parent":0,"menu_order":0,"comment_status":"closed","ping_status":"closed","template":"","meta":{"_acf_changed":false,"iawp_total_views":3,"footnotes":""},"class_list":["post-138","page","type-page","status-publish","hentry"],"acf":[],"yoast_head":"<!-- This site is optimized with the Yoast SEO plugin v27.4 - https:\/\/yoast.com\/product\/yoast-seo-wordpress\/ -->\n<title>Consultor\u00eda Energ\u00e9tica - JDG-Consulting<\/title>\n<meta name=\"description\" content=\"Servicios expertos en transici\u00f3n energ\u00e9tica global. Soluciones en autoconsumo solar para empresas y pymes. Innovaci\u00f3n y eficiencia garantizadas.\" \/>\n<meta name=\"robots\" content=\"index, follow, max-snippet:-1, max-image-preview:large, max-video-preview:-1\" \/>\n<link rel=\"canonical\" href=\"https:\/\/jdg-consulting.com\/es\/servicios\/\" \/>\n<meta property=\"og:locale\" content=\"es_ES\" \/>\n<meta property=\"og:type\" content=\"article\" \/>\n<meta property=\"og:title\" content=\"Consultor\u00eda Energ\u00e9tica - JDG-Consulting\" \/>\n<meta property=\"og:description\" content=\"Servicios expertos en transici\u00f3n energ\u00e9tica global. Soluciones en autoconsumo solar para empresas y pymes. Innovaci\u00f3n y eficiencia garantizadas.\" \/>\n<meta property=\"og:url\" content=\"https:\/\/jdg-consulting.com\/es\/servicios\/\" \/>\n<meta property=\"og:site_name\" content=\"JDG-Consulting\" \/>\n<meta property=\"article:modified_time\" content=\"2025-10-03T12:49:46+00:00\" \/>\n<meta name=\"twitter:card\" content=\"summary_large_image\" \/>\n<!-- \/ Yoast SEO plugin. -->","yoast_head_json":{"title":"Consultor\u00eda Energ\u00e9tica - JDG-Consulting","description":"Servicios expertos en transici\u00f3n energ\u00e9tica global. Soluciones en autoconsumo solar para empresas y pymes. Innovaci\u00f3n y eficiencia garantizadas.","robots":{"index":"index","follow":"follow","max-snippet":"max-snippet:-1","max-image-preview":"max-image-preview:large","max-video-preview":"max-video-preview:-1"},"canonical":"https:\/\/jdg-consulting.com\/es\/servicios\/","og_locale":"es_ES","og_type":"article","og_title":"Consultor\u00eda Energ\u00e9tica - JDG-Consulting","og_description":"Servicios expertos en transici\u00f3n energ\u00e9tica global. Soluciones en autoconsumo solar para empresas y pymes. Innovaci\u00f3n y eficiencia garantizadas.","og_url":"https:\/\/jdg-consulting.com\/es\/servicios\/","og_site_name":"JDG-Consulting","article_modified_time":"2025-10-03T12:49:46+00:00","twitter_card":"summary_large_image","schema":{"@context":"https:\/\/schema.org","@graph":[{"@type":"WebPage","@id":"https:\/\/jdg-consulting.com\/es\/servicios\/","url":"https:\/\/jdg-consulting.com\/es\/servicios\/","name":"Consultor\u00eda Energ\u00e9tica - JDG-Consulting","isPartOf":{"@id":"https:\/\/jdg-consulting.com\/es\/#website"},"datePublished":"2024-08-27T15:06:00+00:00","dateModified":"2025-10-03T12:49:46+00:00","description":"Servicios expertos en transici\u00f3n energ\u00e9tica global. Soluciones en autoconsumo solar para empresas y pymes. Innovaci\u00f3n y eficiencia garantizadas.","breadcrumb":{"@id":"https:\/\/jdg-consulting.com\/es\/servicios\/#breadcrumb"},"inLanguage":"es","potentialAction":[{"@type":"ReadAction","target":["https:\/\/jdg-consulting.com\/es\/servicios\/"]}]},{"@type":"BreadcrumbList","@id":"https:\/\/jdg-consulting.com\/es\/servicios\/#breadcrumb","itemListElement":[{"@type":"ListItem","position":1,"name":"Portada","item":"https:\/\/jdg-consulting.com\/es\/inicio\/"},{"@type":"ListItem","position":2,"name":"Servicios"}]},{"@type":"WebSite","@id":"https:\/\/jdg-consulting.com\/es\/#website","url":"https:\/\/jdg-consulting.com\/es\/","name":"JDG-Consulting","description":"","publisher":{"@id":"https:\/\/jdg-consulting.com\/es\/#organization"},"potentialAction":[{"@type":"SearchAction","target":{"@type":"EntryPoint","urlTemplate":"https:\/\/jdg-consulting.com\/es\/?s={search_term_string}"},"query-input":{"@type":"PropertyValueSpecification","valueRequired":true,"valueName":"search_term_string"}}],"inLanguage":"es"},{"@type":"Organization","@id":"https:\/\/jdg-consulting.com\/es\/#organization","name":"JDG-Consulting","url":"https:\/\/jdg-consulting.com\/es\/","logo":{"@type":"ImageObject","inLanguage":"es","@id":"https:\/\/jdg-consulting.com\/es\/#\/schema\/logo\/image\/","url":"https:\/\/jdg-consulting.com\/wp-content\/uploads\/2024\/08\/Default_El_logotipo_debe_tener_las_iniciales_JDG_en_tipografa_0.jpg","contentUrl":"https:\/\/jdg-consulting.com\/wp-content\/uploads\/2024\/08\/Default_El_logotipo_debe_tener_las_iniciales_JDG_en_tipografa_0.jpg","width":768,"height":768,"caption":"JDG-Consulting"},"image":{"@id":"https:\/\/jdg-consulting.com\/es\/#\/schema\/logo\/image\/"}}]}},"_links":{"self":[{"href":"https:\/\/jdg-consulting.com\/es\/wp-json\/wp\/v2\/pages\/138","targetHints":{"allow":["GET"]}}],"collection":[{"href":"https:\/\/jdg-consulting.com\/es\/wp-json\/wp\/v2\/pages"}],"about":[{"href":"https:\/\/jdg-consulting.com\/es\/wp-json\/wp\/v2\/types\/page"}],"author":[{"embeddable":true,"href":"https:\/\/jdg-consulting.com\/es\/wp-json\/wp\/v2\/users\/1"}],"replies":[{"embeddable":true,"href":"https:\/\/jdg-consulting.com\/es\/wp-json\/wp\/v2\/comments?post=138"}],"version-history":[{"count":5,"href":"https:\/\/jdg-consulting.com\/es\/wp-json\/wp\/v2\/pages\/138\/revisions"}],"predecessor-version":[{"id":944,"href":"https:\/\/jdg-consulting.com\/es\/wp-json\/wp\/v2\/pages\/138\/revisions\/944"}],"wp:attachment":[{"href":"https:\/\/jdg-consulting.com\/es\/wp-json\/wp\/v2\/media?parent=138"}],"curies":[{"name":"wp","href":"https:\/\/api.w.org\/{rel}","templated":true}]}}