{"id":120,"date":"2024-08-27T15:05:46","date_gmt":"2024-08-27T15:05:46","guid":{"rendered":"https:\/\/jdg-consulting.com\/nosotros\/"},"modified":"2025-10-03T12:49:55","modified_gmt":"2025-10-03T12:49:55","slug":"sobre-mi","status":"publish","type":"page","link":"https:\/\/jdg-consulting.com\/es\/sobre-mi\/","title":{"rendered":"Sobre m\u00ed"},"content":{"rendered":"<section class=\"header_15_2\" id=\"\" style=\"background-image:url('https:\/\/jdg-consulting.com\/wp-content\/uploads\/2024\/09\/Leonardo_Vision_XL_Imagen_de_un_despacho_de_consultora_elegant_0.jpg');\"\r\n    aria-label=\"\" data-block-id=\"69e29f7b7351c69e29f7b7351d\" data-block-name=\"acf\/header-15-2\" data-post-id=\"120\" data-stable-id=\"block_d74bf76ffb12d1e197407320f877c19e\">\r\n    <div class=\"mask\"><\/div>\r\n    <div class=\"container\" data-aos=\"fade-up\">\r\n        <div class=\"row\">\r\n            <div class=\"col \">\r\n                                <h1 class=\"tamano2 color-2-headings-light\">Sobre m\u00ed<\/h1>\r\n                                            <\/div>\r\n        <\/div>\r\n    <\/div>\r\n<\/section>\r\n<style>\r\n    .header_15_2 .col {\r\n        max-width: 895px;\r\n    }\r\n\r\n    .header_15_2 .mask {\r\n        background: rgba(18, 18, 18, 0.50);\r\n        \/* background: rgba(255, 255, 255, 0.50); *\/\r\n        position: absolute;\r\n        top: 0;\r\n        left: 0;\r\n        width: 100%;\r\n        height: 100%;\r\n    }\r\n\r\n    .header_15_2 h1 {\r\n        padding-bottom: 25px;\r\n    }\r\n\r\n    .header_15_2 {\r\n        position: relative;\r\n        min-height: 500px;\r\n        background-position: center;\r\n        background-repeat: no-repeat;\r\n        background-size: cover;\r\n        padding: 150px 0;\r\n        display: flex;\r\n        align-items: center;\r\n        padding-top: 195px\r\n    }\r\n\r\n    .header_15_2-center {\r\n        text-align: center;\r\n        margin: 0 auto;\r\n    }\r\n\r\n    @media (max-width:992px) {\r\n        .header_15_2 {\r\n            padding: 100px 0;\r\n            min-height: auto;\r\n        }\r\n    }\r\n\r\n    @media (max-width:768px) {\r\n        .header_15_2 h1 {\r\n            line-height: var(--tamano3-line-height);\r\n        }\r\n\r\n        .header_15_2 {\r\n            padding: 180px 0 100px;\r\n        }\r\n    }\r\n<\/style>\r\n<section class=\"aboutus_9_1 background-1-light\" id=\"\"\r\n    original-block-id=\"block_db7334399e933555f6740104e068463d\" data-block-id=\"69e29f7b756ab69e29f7b756ac\" data-block-name=\"acf\/about-us-9-1\" data-post-id=\"120\" data-stable-id=\"block_db7334399e933555f6740104e068463d\">\r\n    <div class=\"container\">\r\n        <div class=\"row\">\r\n            <div class=\"col\">\r\n                                                <div class=\"imagen\" data-aos=\"fade-right\">\r\n                    <img decoding=\"async\" src=\"https:\/\/jdg-consulting.com\/wp-content\/uploads\/2024\/09\/Leonardo_Vision_XL_Una_imagen_profesional_para_la_seccin_About_0.jpg\" alt=\"\" title=\"Leonardo_Vision_XL_Una_imagen_profesional_para_la_seccin_About_0\">\r\n                <\/div>\r\n                \r\n                                <div class=\"right\" data-aos=\"fade-left\">\r\n                    <div class=\"wrapper\">\r\n                                                <h2 class=\"tamano3 color-1-headings-dark\"><span class=\"ez-toc-section\" id=\"Ayudo_a_gobiernos_instituciones_internacionales_y_desarrolladores_privados_a_convertir_ambiciones_de_energia_renovable_en_proyectos_comercialmente_viables\"><\/span>Ayudo a gobiernos, instituciones internacionales y desarrolladores privados a convertir ambiciones de energ\u00eda renovable en proyectos comercialmente viables.<span class=\"ez-toc-section-end\"><\/span><\/h2>\r\n                        \r\n                                                <div class=\"texto color-1-body-dark tamano7\"><p>Mi carrera comenz\u00f3 en la consultor\u00eda de riesgos financieros, donde aprend\u00ed c\u00f3mo funcionan los mercados y c\u00f3mo piensan los inversores. Con el tiempo, cambi\u00e9 mi enfoque hacia el sector energ\u00e9tico, combinando finanzas, econom\u00eda y regulaci\u00f3n para apoyar la transici\u00f3n global hacia la energ\u00eda limpia. Durante m\u00e1s de una d\u00e9cada, he asesorado a clientes en Europa, Am\u00e9rica Latina, Medio Oriente y Asia, guiando proyectos desde el concepto hasta una realidad financiable.<\/p>\n<\/div>\r\n                                                \r\n                        \r\n                    <\/div>\r\n                <\/div>\r\n            <\/div>\r\n        <\/div>\r\n    <\/div>\r\n<\/section>\r\n<style>\r\n    .aboutus_9_1 .video {\r\n        width: 50%;\r\n    }\r\n\r\n    .aboutus_9_1 iframe {\r\n        width: 100%;\r\n        height: 100%;\r\n        min-height: 560px;\r\n    }\r\n\r\n    .aboutus_9_1 .vermas svg path {\r\n        stroke: var(--boton-4-texto-normal);\r\n    }\r\n\r\n    .aboutus_9_1 .vermas .hide {\r\n        display: none;\r\n    }\r\n\r\n    .aboutus_9_1 .vermas.show svg {\r\n        transform: rotate(180deg);\r\n    }\r\n\r\n    .aboutus_9_1 .vermas.show {\r\n        padding-top: 20px;\r\n    }\r\n\r\n    .aboutus_9_1 .vermas {\r\n        margin-left: 150px;\r\n        display: flex;\r\n        align-items: center;\r\n        gap: 10px;\r\n        cursor: pointer;\r\n    }\r\n\r\n    .aboutus_9_1 .vermas span {\r\n        font-weight: var(--tamano5-font-weight);\r\n    }\r\n\r\n    .aboutus_9_1 .right .btn-round {\r\n        margin-left: 150px;\r\n        margin-top: 44px;\r\n    }\r\n\r\n    .aboutus_9_1 .right .texto {\r\n        padding-left: 150px\r\n    }\r\n\r\n    .aboutus_9_1 .right {\r\n        max-width: 587px;\r\n        padding-top: 105px;\r\n    }\r\n\r\n    .aboutus_9_1 .right h2 {\r\n        padding-bottom: 45px;\r\n    }\r\n\r\n    .aboutus_9_1 .col .wrapper {\r\n        max-width: 587px;\r\n\r\n    }\r\n\r\n    .aboutus_9_1 .col {\r\n        display: flex;\r\n        width: 100%;\r\n        align-items: center;\r\n        justify-content: space-between;\r\n\r\n    }\r\n\r\n    .aboutus_9_1[original-block-id=\"block_db7334399e933555f6740104e068463d\"] .col {\r\n            }\r\n\r\n    .aboutus_9_1 .col .imagen {\r\n        width: 50%;\r\n    }\r\n\r\n    .aboutus_9_1 .btn-round {\r\n        border-radius: 60px;\r\n        padding: 12px 25px;\r\n        display: inline-block;\r\n        min-width: 175px;\r\n        text-align: center;\r\n        text-decoration: none;\r\n    }\r\n\r\n    .aboutus_9_1 .right .texto *:last-child {\r\n        padding-bottom: 0;\r\n    }\r\n\r\n    .aboutus_9_1 .right .texto.show p:not(:first-child) {\r\n        display: block;\r\n    }\r\n\r\n    .aboutus_9_1 .right .texto p:not(:first-child) {\r\n        display: none;\r\n    }\r\n\r\n    .aboutus_9_1 .right .texto * {\r\n        padding-bottom: 20px;\r\n        font-size: inherit;\r\n        font-weight: inherit;\r\n        line-height: inherit;\r\n        letter-spacing: inherit;\r\n        font-family: inherit;\r\n    }\r\n\r\n    .aboutus_9_1 {\r\n        padding: 81px 0;\r\n        padding-left: 150px;\r\n        padding-right: 150px;\r\n        margin-top: -1px;\r\n    }\r\n\r\n    @media (max-width:1650px) {\r\n        .aboutus_9_1 .col {\r\n            gap: 100px;\r\n        }\r\n    }\r\n\r\n    @media (max-width:1550px) {\r\n        .aboutus_9_1 {\r\n            padding-left: 0;\r\n            padding-right: 0;\r\n        }\r\n    }\r\n\r\n    @media (max-width:1300px) {\r\n        .aboutus_9_1 .col {\r\n            gap: 30px;\r\n        }\r\n\r\n        .aboutus_9_1 .right {\r\n            padding-top: 0;\r\n        }\r\n    }\r\n\r\n    @media (max-width:1200px) {\r\n        .aboutus_9_1 .col {\r\n            flex-direction: column-reverse;\r\n        }\r\n\r\n        .aboutus_9_1 .right,\r\n        .aboutus_9_1 .col .wrapper {\r\n            max-width: 100%;\r\n        }\r\n\r\n        .aboutus_9_1 .col .imagen {\r\n            width: 100%;\r\n        }\r\n    }\r\n\r\n    @media (max-width:992px) {\r\n        .aboutus_9_1 .right .texto {\r\n            padding-left: 50px;\r\n        }\r\n\r\n        .aboutus_9_1 .right .btn-round,\r\n        .aboutus_9_1 .vermas {\r\n            margin-left: 50px;\r\n        }\r\n\r\n        .aboutus_9_1 {\r\n            padding: 40px 0;\r\n        }\r\n\r\n        .aboutus_9_1 .video {\r\n            width: 100%;\r\n        }\r\n\r\n        .aboutus_9_1 iframe {\r\n            min-height: 475px;\r\n        }\r\n    }\r\n\r\n    @media (max-width:768px) {\r\n        .aboutus_9_1 h2 {\r\n            line-height: var(--tamano5-line-height);\r\n        }\r\n\r\n        .aboutus_9_1 .col {\r\n            flex-direction: column;\r\n        }\r\n\r\n        .aboutus_9_1 .right h2 {\r\n            padding-bottom: 20px;\r\n        }\r\n\r\n        .aboutus_9_1 .right .btn-round,\r\n        .aboutus_9_1 .vermas {\r\n            margin-left: 30px;\r\n        }\r\n\r\n        .aboutus_9_1 .vermas {\r\n            width: max-content;\r\n        }\r\n\r\n        .aboutus_9_1 .right .texto {\r\n            padding-left: 30px;\r\n        }\r\n\r\n        .aboutus_9_1 .right .btn-round {\r\n            margin-top: 30px;\r\n        }\r\n\r\n        .aboutus_9_1 iframe {\r\n            min-height: 310px;\r\n        }\r\n    }\r\n<\/style>\r\n<script>\r\n    jQuery(document).ready(function() {\r\n        jQuery('.aboutus_9_1 .vermas').off('click').on('click', function(event) {\r\n            event.stopPropagation(); \/\/ Previene que el evento se propague m\u00e1s de lo necesario\r\n\r\n            var section = jQuery(this).closest('.aboutus_9_1'); \/\/ Encuentra la secci\u00f3n m\u00e1s cercana\r\n\r\n\r\n            section.find('.texto').toggleClass('show'); \/\/ Alterna la visibilidad del texto\r\n            jQuery(this).toggleClass('show'); \/\/ Alterna la clase solo en el bot\u00f3n clicado\r\n            jQuery(this).find('span').toggleClass('hide'); \/\/ Alterna \"Leer m\u00e1s\" y \"Leer menos\"\r\n        });\r\n    });\r\n<\/script>\r\n<section class=\"text_content_text_1_1 background-1-light\" data-block-id=\"69e29f7b7762c69e29f7b7762d\" data-block-name=\"acf\/textcontent-1-1\" data-post-id=\"120\" data-stable-id=\"block_d52c2f85651e3c629ac4a5dda001baf0\">\r\n    <div class=\"container\">\r\n        <div class=\"row\">\r\n            <div class=\"col\">\r\n                <div class=\"content-theme\">\r\n                                        <div class=\"texto color-1-headings-dark tamano7\">\r\n                        <p><strong>Lo que me distingue es la combinaci\u00f3n que ofrezco:<\/strong><\/p>\n<p>\u00b7 La disciplina financiera para construir modelos rigurosos y evaluar la viabilidad de los proyectos.<\/p>\n<p>\u00b7 La experiencia regulatoria para navegar en mercados el\u00e9ctricos complejos y marcos de pol\u00edticas.<\/p>\n<p>\u00b7 La perspectiva internacional que proviene de trabajar en proyectos diversos con instituciones como el Banco Mundial, BERD, IFC y GIZ.<\/p>\n<p>Trabajo de manera independiente, lo que significa que mi asesor\u00eda es objetiva y adaptada a cada cliente. Multiling\u00fce y acostumbrado a unir culturas, me conecto f\u00e1cilmente con interesados en diferentes mercados.<\/p>\n<p>En el camino, he obtenido tres maestr\u00edas en Finanzas Verdes, Econom\u00eda de la Energ\u00eda y Sostenibilidad &amp; Innovaci\u00f3n Social, que complementan mis m\u00e1s de 12 a\u00f1os de experiencia pr\u00e1ctica en consultor\u00eda.<\/p>\n<p>Creo que la transici\u00f3n energ\u00e9tica no es solo un desaf\u00edo t\u00e9cnico, sino tambi\u00e9n econ\u00f3mico y regulatorio. Mi papel es ayudar a los clientes a dise\u00f1ar soluciones que tengan sentido en los tres aspectos.<\/p>\n<p><strong>Idiomas:<\/strong> Espa\u00f1ol, Ingl\u00e9s, Alem\u00e1n, Portugu\u00e9s, Franc\u00e9s<\/p>\n                    <\/div>\r\n                                    <\/div>\r\n            <\/div>\r\n        <\/div>\r\n    <\/div>\r\n<\/section>\r\n<style>\r\n    .text_content_text_1_1 h1 {\r\n        padding-bottom: 60px;\r\n        font-size: var(--tamano1-font-size);\r\n        font-weight: var(--tamano1-font-weight);\r\n        line-height: var(--tamano1-line-height);\r\n        letter-spacing: var(--tamano1-letter-spacing);\r\n        font-family: var(--tamano1-font-family);\r\n        color: var(--color-2-headings-dark);\r\n    }\r\n\r\n    .text_content_text_1_1 h2 {\r\n        padding-bottom: 60px;\r\n        font-size: var(--tamano2-font-size);\r\n        font-weight: var(--tamano2-font-weight);\r\n        line-height: var(--tamano2-line-height);\r\n        letter-spacing: var(--tamano2-letter-spacing);\r\n        font-family: var(--tamano2-font-family);\r\n        color: var(--color-2-headings-dark);\r\n    }\r\n\r\n    .text_content_text_1_1 h3 {\r\n        padding-bottom: 60px;\r\n        font-size: var(--tamano3-font-size);\r\n        font-weight: var(--tamano3-font-weight);\r\n        line-height: var(--tamano3-line-height);\r\n        letter-spacing: var(--tamano3-letter-spacing);\r\n        font-family: var(--tamano3-font-family);\r\n        color: var(--color-2-headings-dark);\r\n    }\r\n\r\n    .text_content_text_1_1 h4 {\r\n        padding-bottom: 60px;\r\n        font-size: var(--tamano4-font-size);\r\n        font-weight: var(--tamano4-font-weight);\r\n        line-height: var(--tamano4-line-height);\r\n        letter-spacing: var(--tamano4-letter-spacing);\r\n        font-family: var(--tamano4-font-family);\r\n        color: var(--color-2-headings-dark);\r\n    }\r\n\r\n    .text_content_text_1_1 ul,\r\n    .text_content_text_1_1 ol {\r\n        padding-left: 20px;\r\n    }\r\n\r\n    .text_content_text_1_1 .row .col {\r\n        padding-top: 75px;\r\n        width: 100%;\r\n    }\r\n\r\n\r\n    .text_content_text_1_1 .texto {\r\n        margin-bottom: 50px;\r\n    }\r\n\r\n    .text_content_text_1_1 .texto * {\r\n        padding-bottom: 20px;\r\n    }\r\n\r\n\r\n    .text_content_text_1_1 .row {\r\n        display: flex;\r\n        gap: 0px;\r\n    }\r\n\r\n    .text_content_text_1_1 {\r\n        position: relative;\r\n        background-position: center;\r\n        background-repeat: no-repeat;\r\n        background-size: cover;\r\n        padding: 81px 150px;\r\n        margin-top: -1px;\r\n    }\r\n\r\n    @media (max-width:1750px) {\r\n        .text_content_text_1_1 .row {\r\n            gap: 100px;\r\n        }\r\n    }\r\n\r\n    @media (max-width:1550px) {\r\n        .text_content_text_1_1 {\r\n            padding-left: 50px;\r\n            padding-right: 50px;\r\n        }\r\n    }\r\n\r\n    @media (max-width:1350px) {\r\n        .text_content_text_1_1 .row {\r\n            gap: 30px;\r\n        }\r\n    }\r\n\r\n    @media (max-width:1200px) {\r\n        .text_content_text_1_1 {\r\n            padding-left: 0;\r\n            padding-right: 0;\r\n        }\r\n    }\r\n\r\n    @media (max-width:992px) {\r\n        .text_content_text_1_1 .row .col-left {\r\n            padding-top: 0;\r\n            max-width: 100%;\r\n        }\r\n\r\n        .text_content_text_1_1 .texto {\r\n            margin-bottom: 35px;\r\n        }\r\n\r\n        .text_content_text_1_1 h2 {\r\n            padding-bottom: 40px;\r\n        }\r\n\r\n        .text_content_text_1_1 {\r\n            padding: 40px 0;\r\n        }\r\n\r\n        .text_content_text_1_1 h1 {\r\n            font-size: var(--tamano1-font-size-mobile);\r\n        }\r\n\r\n        .text_content_text_1_1 h2 {\r\n            font-size: var(--tamano2-font-size-mobile);\r\n        }\r\n\r\n        .text_content_text_1_1 h3 {\r\n            font-size: var(--tamano3-font-size-mobile);\r\n        }\r\n\r\n        .text_content_text_1_1 h4 {\r\n            font-size: var(--tamano4-font-size-mobile);\r\n        }\r\n    }\r\n<\/style>\r\n<section class=\"ctas_3_2 background-1-dark\" id=\"\" data-block-id=\"69e29f7b77f8d69e29f7b77f8e\" data-block-name=\"acf\/cta-3-2\" data-post-id=\"120\" data-stable-id=\"block_74a5d547f71b20f69078d3d3386cb45c\">\r\n    <div class=\"container\">\r\n        <div class=\"row\">\r\n            <div class=\"col\">\r\n                                <div class=\"titulo\">\r\n                    <h2 class=\"tamano2 color-2-headings-light\"><span class=\"ez-toc-section\" id=\"Contactame\"><\/span>Cont\u00e1ctame<span class=\"ez-toc-section-end\"><\/span><\/h2>\r\n                <\/div>\r\n                                                <div class=\"texto color-2-body-light tamano7\"><p>Trabajemos juntos para acelerar la transici\u00f3n energ\u00e9tica.<\/p>\n<\/div>\r\n                \r\n                                    <a href=\"https:\/\/jdg-consulting.com\/en\/contacto\/\" target=\"\" class=\"btn-round tamano6-boldcta color-boton-3-texto-normal color-boton-3-texto-hover color-boton-3-normal color-boton-3-hover\">\r\n    \r\n    <span>Ver m\u00e1s<\/span>\r\n<\/a>\r\n\r\n<style>\r\n    .btn-border-rounded {\r\n        border-radius: 12px !important;\r\n    }\r\n\r\n    .btn-border-square {\r\n        border-radius: 0 !important;\r\n    }\r\n\r\n    \/* Estilos de hover *\/\r\n    .btn-hover-hover1:hover {\r\n        filter: contrast(0.55);\r\n    }\r\n\r\n    .btn-hover-hover2:hover {\r\n        filter: sepia(2);\r\n    }\r\n\r\n    \/* Estilos del icono cuando existe *\/\r\n    a i {\r\n        margin-right: 8px;\r\n        font-size: 16px;\r\n    }\r\n\r\n    \/* Icono Lucide *\/\r\n    .btn-icon--lucide {\r\n        display: inline-flex;\r\n        align-items: center;\r\n        justify-content: center;\r\n        margin-right: 8px;\r\n    }\r\n\r\n    .btn-icon--lucide svg {\r\n        width: 16px;\r\n        height: 16px;\r\n        display: block;\r\n    }\r\n<\/style>\r\n                \r\n            <\/div>\r\n        <\/div>\r\n    <\/div>\r\n<\/section>\r\n<style>\r\n    .ctas_3_2 .col {\r\n        display: flex;\r\n        gap: 100px;\r\n        align-items: center;\r\n        justify-content: space-between;\r\n    }\r\n\r\n    .ctas_3_2 .texto {\r\n        max-width: 585px;\r\n        text-align: center;\r\n    }\r\n\r\n    .ctas_3_2 {\r\n        padding: 80px 150px;\r\n        position: relative;\r\n    }\r\n\r\n    .ctas_3_2 .btn-round {\r\n        border-radius: 60px;\r\n        padding: 12px 25px;\r\n        display: inline-block;\r\n        min-width: 175px;\r\n        text-align: center;\r\n        transition: all ease .3s;\r\n        text-decoration: none;\r\n        width: 278px;\r\n        min-height: 51px;\r\n        display: flex;\r\n        align-items: center;\r\n        justify-content: center;\r\n    }\r\n\r\n    @media (max-width:1750px) {\r\n        .ctas_3_2 .col {\r\n            gap: 50px;\r\n        }\r\n\r\n        .ctas_3_2 .texto {\r\n            max-width: 50%;\r\n        }\r\n\r\n        .ctas_3_2 .titulo {\r\n            width: 50%;\r\n        }\r\n\r\n        .ctas_3_2 .titulo h2 {\r\n            max-width: 100%;\r\n        }\r\n    }\r\n\r\n    @media (max-width:1600px) {\r\n        .ctas_3_2 {\r\n            padding-left: 50px;\r\n            padding-right: 50px;\r\n        }\r\n    }\r\n\r\n    @media (max-width:1400px) {\r\n        .ctas_3_2 .texto {\r\n            max-width: 100%;\r\n        }\r\n\r\n        .ctas_3_2 .titulo {\r\n            width: 100%;\r\n        }\r\n    }\r\n\r\n    @media (max-width:1200px) {\r\n        .ctas_3_2 {\r\n            padding-left: 0;\r\n            padding-right: 0;\r\n        }\r\n    }\r\n\r\n    @media (max-width:992px) {\r\n        .ctas_3_2 .col>* {\r\n            width: 100%;\r\n            max-width: 100%;\r\n            text-align: center;\r\n        }\r\n\r\n        .ctas_3_2 .col .ctas {\r\n            display: flex;\r\n            align-items: center;\r\n            justify-content: center;\r\n        }\r\n\r\n        .ctas_3_2 .col {\r\n            flex-direction: column;\r\n            justify-content: center;\r\n            align-items: center;\r\n        }\r\n\r\n        .ctas_3_2 {\r\n            padding: 40px 0;\r\n        }\r\n    }\r\n\r\n    @media (max-width: 768px) {\r\n        .ctas_3_2 .col {\r\n            gap: 30px;\r\n            padding: 20px 10px 35px;\r\n        }\r\n    }\r\n<\/style>\r\n","protected":false},"excerpt":{"rendered":"","protected":false},"author":1,"featured_media":0,"parent":0,"menu_order":0,"comment_status":"closed","ping_status":"closed","template":"","meta":{"_acf_changed":false,"iawp_total_views":5,"footnotes":""},"class_list":["post-120","page","type-page","status-publish","hentry"],"acf":[],"yoast_head":"<!-- This site is optimized with the Yoast SEO plugin v27.4 - https:\/\/yoast.com\/product\/yoast-seo-wordpress\/ -->\n<title>Consultor\u00eda Energ\u00e9tica y Solar - JDG-Consulting<\/title>\n<meta name=\"description\" content=\"Optimiza tu energ\u00eda con JDG-Consulting. Soluciones en autoconsumo solar y eficiencia energ\u00e9tica para empresas y particulares. Descubre m\u00e1s en nuestro blog.\" \/>\n<meta name=\"robots\" content=\"index, follow, max-snippet:-1, max-image-preview:large, max-video-preview:-1\" \/>\n<link rel=\"canonical\" href=\"https:\/\/jdg-consulting.com\/es\/sobre-mi\/\" \/>\n<meta property=\"og:locale\" content=\"es_ES\" \/>\n<meta property=\"og:type\" content=\"article\" \/>\n<meta property=\"og:title\" content=\"Consultor\u00eda Energ\u00e9tica y Solar - JDG-Consulting\" \/>\n<meta property=\"og:description\" content=\"Optimiza tu energ\u00eda con JDG-Consulting. Soluciones en autoconsumo solar y eficiencia energ\u00e9tica para empresas y particulares. Descubre m\u00e1s en nuestro blog.\" \/>\n<meta property=\"og:url\" content=\"https:\/\/jdg-consulting.com\/es\/sobre-mi\/\" \/>\n<meta property=\"og:site_name\" content=\"JDG-Consulting\" \/>\n<meta property=\"article:modified_time\" content=\"2025-10-03T12:49:55+00:00\" \/>\n<meta name=\"twitter:card\" content=\"summary_large_image\" \/>\n<!-- \/ Yoast SEO plugin. -->","yoast_head_json":{"title":"Consultor\u00eda Energ\u00e9tica y Solar - JDG-Consulting","description":"Optimiza tu energ\u00eda con JDG-Consulting. Soluciones en autoconsumo solar y eficiencia energ\u00e9tica para empresas y particulares. Descubre m\u00e1s en nuestro blog.","robots":{"index":"index","follow":"follow","max-snippet":"max-snippet:-1","max-image-preview":"max-image-preview:large","max-video-preview":"max-video-preview:-1"},"canonical":"https:\/\/jdg-consulting.com\/es\/sobre-mi\/","og_locale":"es_ES","og_type":"article","og_title":"Consultor\u00eda Energ\u00e9tica y Solar - JDG-Consulting","og_description":"Optimiza tu energ\u00eda con JDG-Consulting. Soluciones en autoconsumo solar y eficiencia energ\u00e9tica para empresas y particulares. Descubre m\u00e1s en nuestro blog.","og_url":"https:\/\/jdg-consulting.com\/es\/sobre-mi\/","og_site_name":"JDG-Consulting","article_modified_time":"2025-10-03T12:49:55+00:00","twitter_card":"summary_large_image","schema":{"@context":"https:\/\/schema.org","@graph":[{"@type":"WebPage","@id":"https:\/\/jdg-consulting.com\/es\/sobre-mi\/","url":"https:\/\/jdg-consulting.com\/es\/sobre-mi\/","name":"Consultor\u00eda Energ\u00e9tica y Solar - JDG-Consulting","isPartOf":{"@id":"https:\/\/jdg-consulting.com\/es\/#website"},"datePublished":"2024-08-27T15:05:46+00:00","dateModified":"2025-10-03T12:49:55+00:00","description":"Optimiza tu energ\u00eda con JDG-Consulting. Soluciones en autoconsumo solar y eficiencia energ\u00e9tica para empresas y particulares. Descubre m\u00e1s en nuestro blog.","breadcrumb":{"@id":"https:\/\/jdg-consulting.com\/es\/sobre-mi\/#breadcrumb"},"inLanguage":"es","potentialAction":[{"@type":"ReadAction","target":["https:\/\/jdg-consulting.com\/es\/sobre-mi\/"]}]},{"@type":"BreadcrumbList","@id":"https:\/\/jdg-consulting.com\/es\/sobre-mi\/#breadcrumb","itemListElement":[{"@type":"ListItem","position":1,"name":"Portada","item":"https:\/\/jdg-consulting.com\/es\/inicio\/"},{"@type":"ListItem","position":2,"name":"Sobre m\u00ed"}]},{"@type":"WebSite","@id":"https:\/\/jdg-consulting.com\/es\/#website","url":"https:\/\/jdg-consulting.com\/es\/","name":"JDG-Consulting","description":"","publisher":{"@id":"https:\/\/jdg-consulting.com\/es\/#organization"},"potentialAction":[{"@type":"SearchAction","target":{"@type":"EntryPoint","urlTemplate":"https:\/\/jdg-consulting.com\/es\/?s={search_term_string}"},"query-input":{"@type":"PropertyValueSpecification","valueRequired":true,"valueName":"search_term_string"}}],"inLanguage":"es"},{"@type":"Organization","@id":"https:\/\/jdg-consulting.com\/es\/#organization","name":"JDG-Consulting","url":"https:\/\/jdg-consulting.com\/es\/","logo":{"@type":"ImageObject","inLanguage":"es","@id":"https:\/\/jdg-consulting.com\/es\/#\/schema\/logo\/image\/","url":"https:\/\/jdg-consulting.com\/wp-content\/uploads\/2024\/08\/Default_El_logotipo_debe_tener_las_iniciales_JDG_en_tipografa_0.jpg","contentUrl":"https:\/\/jdg-consulting.com\/wp-content\/uploads\/2024\/08\/Default_El_logotipo_debe_tener_las_iniciales_JDG_en_tipografa_0.jpg","width":768,"height":768,"caption":"JDG-Consulting"},"image":{"@id":"https:\/\/jdg-consulting.com\/es\/#\/schema\/logo\/image\/"}}]}},"_links":{"self":[{"href":"https:\/\/jdg-consulting.com\/es\/wp-json\/wp\/v2\/pages\/120","targetHints":{"allow":["GET"]}}],"collection":[{"href":"https:\/\/jdg-consulting.com\/es\/wp-json\/wp\/v2\/pages"}],"about":[{"href":"https:\/\/jdg-consulting.com\/es\/wp-json\/wp\/v2\/types\/page"}],"author":[{"embeddable":true,"href":"https:\/\/jdg-consulting.com\/es\/wp-json\/wp\/v2\/users\/1"}],"replies":[{"embeddable":true,"href":"https:\/\/jdg-consulting.com\/es\/wp-json\/wp\/v2\/comments?post=120"}],"version-history":[{"count":6,"href":"https:\/\/jdg-consulting.com\/es\/wp-json\/wp\/v2\/pages\/120\/revisions"}],"predecessor-version":[{"id":945,"href":"https:\/\/jdg-consulting.com\/es\/wp-json\/wp\/v2\/pages\/120\/revisions\/945"}],"wp:attachment":[{"href":"https:\/\/jdg-consulting.com\/es\/wp-json\/wp\/v2\/media?parent=120"}],"curies":[{"name":"wp","href":"https:\/\/api.w.org\/{rel}","templated":true}]}}